{"id":1619,"date":"2022-11-25T08:33:05","date_gmt":"2022-11-25T07:33:05","guid":{"rendered":"https:\/\/www.cnc-ag.de\/?page_id=1619"},"modified":"2022-11-25T08:33:35","modified_gmt":"2022-11-25T07:33:35","slug":"forschung","status":"publish","type":"page","link":"https:\/\/www.cnc-ag.de\/nl\/forschung\/","title":{"rendered":"Forschung"},"content":{"rendered":"<p class=\"qtranxs-available-languages-message qtranxs-available-languages-message-nl\">Onze verontschuldigingen, dit bericht is alleen beschikbaar in <a href=\"https:\/\/www.cnc-ag.de\/de\/wp-json\/wp\/v2\/pages\/1619\" class=\"qtranxs-available-language-link qtranxs-available-language-link-de\" title=\"Deutsch\">Deutsch<\/a>. Voor het gemak van de kijker, is de inhoud hieronder weergegeven in de alternatieve taal. Je kunt klikken op de link om naar de actieve taal over te schakelen.<\/p><p><img decoding=\"async\" class=\"alignnone wp-image-1621\" src=\"https:\/\/www.cnc-ag.de\/wp-content\/uploads\/2022\/11\/EFRE_Foerderhinweis_deutsch_farbig.jpg\" alt=\"\" width=\"896\" height=\"206\" srcset=\"https:\/\/www.cnc-ag.de\/wp-content\/uploads\/2022\/11\/EFRE_Foerderhinweis_deutsch_farbig-200x46.jpg 200w, https:\/\/www.cnc-ag.de\/wp-content\/uploads\/2022\/11\/EFRE_Foerderhinweis_deutsch_farbig-300x69.jpg 300w, https:\/\/www.cnc-ag.de\/wp-content\/uploads\/2022\/11\/EFRE_Foerderhinweis_deutsch_farbig-400x92.jpg 400w, https:\/\/www.cnc-ag.de\/wp-content\/uploads\/2022\/11\/EFRE_Foerderhinweis_deutsch_farbig-600x138.jpg 600w, https:\/\/www.cnc-ag.de\/wp-content\/uploads\/2022\/11\/EFRE_Foerderhinweis_deutsch_farbig-768x176.jpg 768w, https:\/\/www.cnc-ag.de\/wp-content\/uploads\/2022\/11\/EFRE_Foerderhinweis_deutsch_farbig-800x184.jpg 800w, https:\/\/www.cnc-ag.de\/wp-content\/uploads\/2022\/11\/EFRE_Foerderhinweis_deutsch_farbig-1024x235.jpg 1024w, https:\/\/www.cnc-ag.de\/wp-content\/uploads\/2022\/11\/EFRE_Foerderhinweis_deutsch_farbig-1200x276.jpg 1200w, https:\/\/www.cnc-ag.de\/wp-content\/uploads\/2022\/11\/EFRE_Foerderhinweis_deutsch_farbig.jpg 2050w\" sizes=\"(max-width: 896px) 100vw, 896px\" \/><\/p>\n<p><img decoding=\"async\" class=\"size-medium wp-image-1620 alignright\" src=\"https:\/\/www.cnc-ag.de\/wp-content\/uploads\/2022\/11\/2019-07-23_CiMT_Logo.jpg\" alt=\"\" width=\"334\" height=\"167\" srcset=\"https:\/\/www.cnc-ag.de\/wp-content\/uploads\/2022\/11\/2019-07-23_CiMT_Logo-200x100.jpg 200w, https:\/\/www.cnc-ag.de\/wp-content\/uploads\/2022\/11\/2019-07-23_CiMT_Logo-300x150.jpg 300w, https:\/\/www.cnc-ag.de\/wp-content\/uploads\/2022\/11\/2019-07-23_CiMT_Logo.jpg 334w\" sizes=\"(max-width: 334px) 100vw, 334px\" \/><\/p>\n<p><img decoding=\"async\" class=\"alignnone wp-image-1622\" src=\"https:\/\/www.cnc-ag.de\/wp-content\/uploads\/2022\/11\/Ziel2NRW_RGB_1809_jpg.jpg\" alt=\"\" width=\"893\" height=\"147\" srcset=\"https:\/\/www.cnc-ag.de\/wp-content\/uploads\/2022\/11\/Ziel2NRW_RGB_1809_jpg-200x33.jpg 200w, https:\/\/www.cnc-ag.de\/wp-content\/uploads\/2022\/11\/Ziel2NRW_RGB_1809_jpg-300x49.jpg 300w, https:\/\/www.cnc-ag.de\/wp-content\/uploads\/2022\/11\/Ziel2NRW_RGB_1809_jpg-400x66.jpg 400w, https:\/\/www.cnc-ag.de\/wp-content\/uploads\/2022\/11\/Ziel2NRW_RGB_1809_jpg-600x99.jpg 600w, https:\/\/www.cnc-ag.de\/wp-content\/uploads\/2022\/11\/Ziel2NRW_RGB_1809_jpg-768x126.jpg 768w, https:\/\/www.cnc-ag.de\/wp-content\/uploads\/2022\/11\/Ziel2NRW_RGB_1809_jpg-800x132.jpg 800w, https:\/\/www.cnc-ag.de\/wp-content\/uploads\/2022\/11\/Ziel2NRW_RGB_1809_jpg-1024x168.jpg 1024w, https:\/\/www.cnc-ag.de\/wp-content\/uploads\/2022\/11\/Ziel2NRW_RGB_1809_jpg-1200x197.jpg 1200w, https:\/\/www.cnc-ag.de\/wp-content\/uploads\/2022\/11\/Ziel2NRW_RGB_1809_jpg.jpg 2050w\" sizes=\"(max-width: 893px) 100vw, 893px\" \/><\/p>\n<p>Wir sind Projektpartner im Forschungsprojekt: <strong>\u201eCentrum f\u00fcr interdisziplin\u00e4re Materialforschung und Technologieentwicklung (CiMT) \u2013 Pilotprojekt: \u201eInnovative Oberfl\u00e4chen\u201c\u201c<\/strong> der Fachhochschule Bielefeld und der Universit\u00e4t Bielefeld.<br \/>\nZiel des dem Forschungsprojekt \u201eCiMT\u201c untergegliederten Teilprojektes:<br \/>\n<strong>\u201eNanobeschichtungssysteme f\u00fcr Silikon-Gie\u00dfwerkzeugen\u201c<\/strong> ist es, die Standzeit von Silikon-Gie\u00dfwerkzeugen im Vakuumgie\u00dfverfahren zu steigern. Zurzeit halten g\u00e4ngige Werkzeuge etwa 10 \u2013 21 Abg\u00fcsse, je nachdem, wie komplex die Geometrien und aggressiv die verwendeten Polyurethanbestandteile sind.<br \/>\nIn dem Projekt werden unter gemeinsamer Arbeit der Projektpartner verschiedene Nanobeschichtungen auf Silikonwerkzeuge aufgebracht und untersucht, ob damit die Standzeit der Werkzeuge signifikant gesteigert werden kann. Die ersten Vorversuche haben dabei bereits \u00e4u\u00dferst positive Tendenzen gezeigt.<br \/>\nUnterst\u00fctzt wird das Projekt durch das Land Nordrhein-Westfalen unter Einsatz von Mitteln aus dem Europ\u00e4ischen Fonds f\u00fcr regionale Entwicklung (EFRE).<\/p>","protected":false},"excerpt":{"rendered":"<p>Onze verontschuldigingen, dit bericht is alleen beschikbaar in Deutsch. Voor [&hellip;]<\/p>\n","protected":false},"author":1,"featured_media":0,"parent":0,"menu_order":0,"comment_status":"closed","ping_status":"closed","template":"","meta":{"_exactmetrics_skip_tracking":false,"_exactmetrics_sitenote_active":false,"_exactmetrics_sitenote_note":"","_exactmetrics_sitenote_category":0,"footnotes":""},"class_list":["post-1619","page","type-page","status-publish","hentry"],"_links":{"self":[{"href":"https:\/\/www.cnc-ag.de\/nl\/wp-json\/wp\/v2\/pages\/1619","targetHints":{"allow":["GET"]}}],"collection":[{"href":"https:\/\/www.cnc-ag.de\/nl\/wp-json\/wp\/v2\/pages"}],"about":[{"href":"https:\/\/www.cnc-ag.de\/nl\/wp-json\/wp\/v2\/types\/page"}],"author":[{"embeddable":true,"href":"https:\/\/www.cnc-ag.de\/nl\/wp-json\/wp\/v2\/users\/1"}],"replies":[{"embeddable":true,"href":"https:\/\/www.cnc-ag.de\/nl\/wp-json\/wp\/v2\/comments?post=1619"}],"version-history":[{"count":5,"href":"https:\/\/www.cnc-ag.de\/nl\/wp-json\/wp\/v2\/pages\/1619\/revisions"}],"predecessor-version":[{"id":1627,"href":"https:\/\/www.cnc-ag.de\/nl\/wp-json\/wp\/v2\/pages\/1619\/revisions\/1627"}],"wp:attachment":[{"href":"https:\/\/www.cnc-ag.de\/nl\/wp-json\/wp\/v2\/media?parent=1619"}],"curies":[{"name":"wp","href":"https:\/\/api.w.org\/{rel}","templated":true}]}}